{"id":10,"date":"2018-06-14T10:39:43","date_gmt":"2018-06-14T10:39:43","guid":{"rendered":"http:\/\/equacaologica.com\/questionarios\/?page_id=10"},"modified":"2018-06-18T11:22:37","modified_gmt":"2018-06-18T11:22:37","slug":"inscricoes-para-profissionais-de-saude","status":"publish","type":"page","link":"https:\/\/equacaologica.com\/questionarios\/inscricoes-para-profissionais-de-saude\/","title":{"rendered":"Inscri\u00e7\u00f5es para Profissionais de Sa\u00fade"},"content":{"rendered":"<p>Para efeitos de uma eventual colabora\u00e7\u00e3o com a Equa\u00e7\u00e3o L\u00f3gica, precisamos de recolher alguns dos seus dados pessoais, como o seu nome, morada e telefone de contacto entre outros. Dando cumprimento \u00e0 legisla\u00e7\u00e3o de prote\u00e7\u00e3o de dados, \u00e9 importante que saiba que os dados que agora nos fornecer n\u00e3o ser\u00e3o utilizados para outro fim que n\u00e3o aquele que referimos e que ser\u00e3o eliminados dos nossos registos a qualquer momento se nos der instru\u00e7\u00f5es nesse sentido e n\u00e3o tivermos de os manter por motivos legais.<\/p>\n<p>Se desejar, pode obter informa\u00e7\u00e3o adicional sobre este assunto\u00a0<a href=\"https:\/\/www.equacaologica.com\/politica_privacidade\">aqui<\/a>\u00a0ou se preferir podemos dar-lhe mais informa\u00e7\u00e3o a qualquer momento contatando-nos atrav\u00e9s do mail <a href=\"dpd@equacaologica.com\">dpd@equacaologica.com<\/a>\u00a0ou atrav\u00e9s do telefone 211938619<\/p>\n<p>&nbsp;<\/p>\n\n<div class=\"wpcf7 no-js\" id=\"wpcf7-f35-o1\" lang=\"pt-PT\" dir=\"ltr\">\n<div class=\"screen-reader-response\"><p role=\"status\" aria-live=\"polite\" aria-atomic=\"true\"><\/p> <ul><\/ul><\/div>\n<form action=\"\/questionarios\/wp-json\/wp\/v2\/pages\/10#wpcf7-f35-o1\" method=\"post\" class=\"wpcf7-form init\" aria-label=\"Contact form\" novalidate=\"novalidate\" data-status=\"init\">\n<div style=\"display: none;\">\n<input type=\"hidden\" name=\"_wpcf7\" value=\"35\" \/>\n<input type=\"hidden\" name=\"_wpcf7_version\" value=\"5.7.3\" \/>\n<input type=\"hidden\" name=\"_wpcf7_locale\" value=\"pt_PT\" \/>\n<input type=\"hidden\" name=\"_wpcf7_unit_tag\" value=\"wpcf7-f35-o1\" \/>\n<input type=\"hidden\" name=\"_wpcf7_container_post\" value=\"0\" \/>\n<input type=\"hidden\" name=\"_wpcf7_posted_data_hash\" value=\"\" \/>\n<\/div>\n<div id=\"responsive-form\" class=\"clearfix\">\n\t<div class=\"form-row\">\n\t\t<div class=\"column-half\">\n\t\t\t<p>Nome: (obrigat\u00f3rio) <span class=\"wpcf7-form-control-wrap\" data-name=\"your-name\"><input size=\"40\" class=\"wpcf7-form-control wpcf7-text wpcf7-validates-as-required\" aria-required=\"true\" aria-invalid=\"false\" value=\"\" type=\"text\" name=\"your-name\" \/><\/span>\n\t\t\t<\/p>\n\t\t<\/div>\n\t\t<div class=\"column-half\">\n\t\t\t<p>Data de Nascimento: (obrigat\u00f3rio) <span class=\"wpcf7-form-control-wrap\" data-name=\"your-data\"><input class=\"wpcf7-form-control wpcf7-date wpcf7-validates-as-required wpcf7-validates-as-date\" aria-required=\"true\" aria-invalid=\"false\" value=\"\" type=\"date\" name=\"your-data\" \/><\/span>\n\t\t\t<\/p>\n\t\t<\/div>\n\t<\/div>\n\t<div class=\"form-row\">\n\t\t<div class=\"column-half\">\n\t\t\t<p>Sexo: (obrigat\u00f3rio) <span class=\"wpcf7-form-control-wrap\" data-name=\"your-sexo\"><select class=\"wpcf7-form-control wpcf7-select wpcf7-validates-as-required\" aria-required=\"true\" aria-invalid=\"false\" name=\"your-sexo\"><option value=\"Masculino\">Masculino<\/option><option value=\"Feminino\">Feminino<\/option><\/select><\/span>\n\t\t\t<\/p>\n\t\t<\/div>\n\t\t<div class=\"column-half\">\n\t\t\t<p>Telem\u00f3vel: (obrigat\u00f3rio) <span class=\"wpcf7-form-control-wrap\" data-name=\"your-telemovel\"><input size=\"40\" class=\"wpcf7-form-control wpcf7-text wpcf7-validates-as-required\" aria-required=\"true\" aria-invalid=\"false\" value=\"\" type=\"text\" name=\"your-telemovel\" \/><\/span>\n\t\t\t<\/p>\n\t\t<\/div>\n\t<\/div>\n\t<div class=\"form-row\">\n\t\t<div class=\"column-half\">\n\t\t\t<p>Email: (obrigat\u00f3rio) <span class=\"wpcf7-form-control-wrap\" data-name=\"your-email\"><input size=\"40\" class=\"wpcf7-form-control wpcf7-text wpcf7-email wpcf7-validates-as-required wpcf7-validates-as-email\" aria-required=\"true\" aria-invalid=\"false\" value=\"\" type=\"email\" name=\"your-email\" \/><\/span>\n\t\t\t<\/p>\n\t\t<\/div>\n\t\t<div class=\"column-half\">\n\t\t\t<p>N\u00ba Telefone:(obrigat\u00f3rio) <span class=\"wpcf7-form-control-wrap\" data-name=\"your-telefone\"><input size=\"40\" class=\"wpcf7-form-control wpcf7-text wpcf7-validates-as-required\" aria-required=\"true\" aria-invalid=\"false\" value=\"\" type=\"text\" name=\"your-telefone\" \/><\/span>\n\t\t\t<\/p>\n\t\t<\/div>\n\t<\/div>\n\t<div class=\"form-row\">\n\t\t<div class=\"column-half\">\n\t\t\t<p>\u00c1rea de Sa\u00fade que exerce ou exerceu at\u00e9 \u00e0 data (uma das seguintes): (obrigat\u00f3rio) <span class=\"wpcf7-form-control-wrap\" data-name=\"your-areasaude\"><select class=\"wpcf7-form-control wpcf7-select wpcf7-validates-as-required\" aria-required=\"true\" aria-invalid=\"false\" name=\"your-areasaude\"><option value=\"Enfermagem\">Enfermagem<\/option><option value=\"Dentista\">Dentista<\/option><option value=\"Nutricionista\">Nutricionista<\/option><option value=\"Veterin\u00e1rio\">Veterin\u00e1rio<\/option><option value=\"Farmac\u00eautica\/o\">Farmac\u00eautica\/o<\/option><option value=\"Gest\u00e3o Hospitalar\">Gest\u00e3o Hospitalar<\/option><option value=\"Fisioterapeuta\">Fisioterapeuta<\/option><option value=\"Anatomia Patol\u00f3gica\">Anatomia Patol\u00f3gica<\/option><option value=\"Anestesiologia\">Anestesiologia<\/option><option value=\"Cirurgia Vascular\">Cirurgia Vascular<\/option><option value=\"Cardiologia\">Cardiologia<\/option><option value=\"Cardiologia Pedi\u00e1trica\">Cardiologia Pedi\u00e1trica<\/option><option value=\"Masculino\">Masculino<\/option><option value=\"Feminino\">Feminino<\/option><option value=\"Masculino\">Masculino<\/option><option value=\"Feminino\">Feminino<\/option><option value=\"Cirurgia Cardiotor\u00e1cica\">Cirurgia Cardiotor\u00e1cica<\/option><option value=\"Cirurgia Geral\">Cirurgia Geral<\/option><option value=\"Cirurgia Maxilo-Facial\">Cirurgia Maxilo-Facial<\/option><option value=\"Cirurgia Pedi\u00e1trica\">Cirurgia Pedi\u00e1trica<\/option><option value=\"Cirurgia Pl\u00e1stica Reconstrutiva e Est.\">Cirurgia Pl\u00e1stica Reconstrutiva e Est.<\/option><option value=\"Dermato-Venereologia\">Dermato-Venereologia<\/option><option value=\"Doen\u00e7as Infecciosas\">Doen\u00e7as Infecciosas<\/option><option value=\"Endocrinologia e Nutri\u00e7\u00e3o\">Endocrinologia e Nutri\u00e7\u00e3o<\/option><option value=\"Estomatologia\">Estomatologia<\/option><option value=\"Gastrenterologia\">Gastrenterologia<\/option><option value=\"Gen\u00e9tica M\u00e9dica\">Gen\u00e9tica M\u00e9dica<\/option><option value=\"Ginecologia\/Obstetr\u00edcia\">Ginecologia\/Obstetr\u00edcia<\/option><option value=\"Imunoalergologia\">Imunoalergologia<\/option><option value=\"Imunohemoterapia\">Imunohemoterapia<\/option><option value=\"Farmacologia Cl\u00ednica\">Farmacologia Cl\u00ednica<\/option><option value=\"Hematologia Cl\u00ednica\">Hematologia Cl\u00ednica<\/option><option value=\"Medicina Desportiva\">Medicina Desportiva<\/option><option value=\"Medicina do Trabalho\">Medicina do Trabalho<\/option><option value=\"Medicina F\u00edsica e de Reabilita\u00e7\u00e3o\">Medicina F\u00edsica e de Reabilita\u00e7\u00e3o<\/option><option value=\"Medicina Geral e Familiar\">Medicina Geral e Familiar<\/option><option value=\"Medicina Interna\">Medicina Interna<\/option><option value=\"Medicina Legal\">Medicina Legal<\/option><option value=\"Medicina Nuclear\">Medicina Nuclear<\/option><option value=\"Medicina Tropical\">Medicina Tropical<\/option><option value=\"Nefrologia\">Nefrologia<\/option><option value=\"Neurocirurgia\">Neurocirurgia<\/option><option value=\"Neurologia\">Neurologia<\/option><option value=\"Neurorradiologia\">Neurorradiologia<\/option><option value=\"Oftalmologia\">Oftalmologia<\/option><option value=\"Oncologia M\u00e9dica\">Oncologia M\u00e9dica<\/option><option value=\"Ortopedia\">Ortopedia<\/option><option value=\"Otorrinolaringologia\">Otorrinolaringologia<\/option><option value=\"Patologia Cl\u00ednica\">Patologia Cl\u00ednica<\/option><option value=\"Pediatria\">Pediatria<\/option><option value=\"Pneumologia\">Pneumologia<\/option><option value=\"Psiquiatria\">Psiquiatria<\/option><option value=\"Psiquiatria da Inf\u00e2ncia e da Adolesc\u00eancia\">Psiquiatria da Inf\u00e2ncia e da Adolesc\u00eancia<\/option><option value=\"Radiodiagn\u00f3stico\">Radiodiagn\u00f3stico<\/option><option value=\"Radioterapia\">Radioterapia<\/option><option value=\"Reumatologia\">Reumatologia<\/option><option value=\"Sa\u00fade P\u00fablica\">Sa\u00fade P\u00fablica<\/option><option value=\"Urologia\">Urologia<\/option><option value=\"Outro.\">Outro.<\/option><\/select><\/span>\n\t\t\t<\/p>\n\t\t<\/div>\n\t\t<div class=\"column-half\">\n\t\t\t<p>Nivel de instru\u00e7\u00e3o: (obrigat\u00f3rio) <span class=\"wpcf7-form-control-wrap\" data-name=\"your-instrucao\"><select class=\"wpcf7-form-control wpcf7-select wpcf7-validates-as-required\" aria-required=\"true\" aria-invalid=\"false\" name=\"your-instrucao\"><option value=\"Curso m\u00e9dio\/Polit\u00e9cnico\">Curso m\u00e9dio\/Polit\u00e9cnico<\/option><option value=\"Universit\u00e1rio\">Universit\u00e1rio<\/option><\/select><\/span>\n\t\t\t<\/p>\n\t\t<\/div>\n\t<\/div>\n\t<div class=\"form-row\">\n\t\t<div class=\"column-half\">\n\t\t\t<p>Interno de medicina? (required) <span class=\"wpcf7-form-control-wrap\" data-name=\"your-interno\"><select class=\"wpcf7-form-control wpcf7-select wpcf7-validates-as-required\" aria-required=\"true\" aria-invalid=\"false\" name=\"your-interno\"><option value=\"Sim\">Sim<\/option><option value=\"N\u00e3o\">N\u00e3o<\/option><\/select><\/span>\n\t\t\t<\/p>\n\t\t<\/div>\n\t\t<div class=\"column-half\">\n\t\t\t<p>Anos de experi\u00eancia: (obrigat\u00f3rio) <span class=\"wpcf7-form-control-wrap\" data-name=\"your-experiencia\"><input size=\"40\" class=\"wpcf7-form-control wpcf7-text wpcf7-validates-as-required\" aria-required=\"true\" aria-invalid=\"false\" value=\"\" type=\"text\" name=\"your-experiencia\" \/><\/span>\n\t\t\t<\/p>\n\t\t<\/div>\n\t<\/div>\n\t<div class=\"form-row\">\n\t\t<div class=\"column-half\">\n\t\t\t<p>Exerce no p\u00fablico ou privado?: (required) <span class=\"wpcf7-form-control-wrap\" data-name=\"your-publicoprivado\"><select class=\"wpcf7-form-control wpcf7-select wpcf7-validates-as-required\" aria-required=\"true\" aria-invalid=\"false\" name=\"your-publicoprivado\"><option value=\"P\u00fablico\">P\u00fablico<\/option><option value=\"Privado\">Privado<\/option><option value=\"Ambos\">Ambos<\/option><\/select><\/span>\n\t\t\t<\/p>\n\t\t<\/div>\n\t\t<div class=\"column-half\">\n\t\t\t<p>Localidade onde exerce: (obrigat\u00f3rio) <span class=\"wpcf7-form-control-wrap\" data-name=\"your-localidade\"><input size=\"40\" class=\"wpcf7-form-control wpcf7-text wpcf7-validates-as-required\" aria-required=\"true\" aria-invalid=\"false\" value=\"\" type=\"text\" name=\"your-localidade\" \/><\/span>\n\t\t\t<\/p>\n\t\t<\/div>\n\t<\/div>\n\t<div class=\"form-row\">\n\t\t<div class=\"column-full\">\n\t\t\t<p><span class=\"wpcf7-form-control-wrap\" data-name=\"tratamento-dados\"><span class=\"wpcf7-form-control wpcf7-acceptance\"><span class=\"wpcf7-list-item\"><label><input type=\"checkbox\" name=\"tratamento-dados\" value=\"1\" aria-invalid=\"false\" \/><span class=\"wpcf7-list-item-label\">Autorizo que a Equa\u00e7\u00e3o l\u00f3gica trate os meus dados pessoais com o objectivo de uma eventual participa\u00e7\u00e3o nos estudos com profissionais de sa\u00fade realizados pela Equa\u00e7\u00e3o L\u00f3gica.<\/span><\/label><\/span><\/span><\/span>\n\t\t\t<\/p>\n\t\t<\/div>\n\t<\/div>\n\t<div class=\"form-row\">\n\t\t<div class=\"column-full\">\n\t\t\t<p><input type=\"hidden\" name=\"_wpcf7_captcha_challenge_captcha-313\" value=\"2696964099\" \/><img class=\"wpcf7-form-control wpcf7-captchac wpcf7-captcha-captcha-313\" width=\"72\" height=\"24\" alt=\"captcha\" src=\"https:\/\/equacaologica.com\/questionarios\/wp-content\/uploads\/wpcf7_captcha\/2696964099.png\" \/><span class=\"wpcf7-form-control-wrap\" data-name=\"captcha-313\"><input size=\"40\" class=\"wpcf7-form-control wpcf7-captchar\" autocomplete=\"off\" aria-invalid=\"false\" value=\"\" type=\"text\" name=\"captcha-313\" \/><\/span><input class=\"wpcf7-form-control has-spinner wpcf7-submit\" type=\"submit\" value=\"Enviar\" \/>\n\t\t\t<\/p>\n\t\t<\/div>\n\t<\/div>\n<\/div><!--end responsive-form--><div class=\"wpcf7-response-output\" aria-hidden=\"true\"><\/div>\n<\/form>\n<\/div>\n\n","protected":false},"excerpt":{"rendered":"<p>Para efeitos de uma eventual colabora\u00e7\u00e3o com a Equa\u00e7\u00e3o L\u00f3gica, precisamos de recolher alguns dos seus dados pessoais, como o seu nome, morada e telefone de contacto entre outros. Dando cumprimento \u00e0 legisla\u00e7\u00e3o de prote\u00e7\u00e3o de dados, \u00e9 importante que saiba que os dados que agora nos fornecer n\u00e3o ser\u00e3o utilizados para outro fim que [&hellip;]<\/p>\n","protected":false},"author":1,"featured_media":0,"parent":0,"menu_order":0,"comment_status":"closed","ping_status":"closed","template":"","meta":[],"_links":{"self":[{"href":"https:\/\/equacaologica.com\/questionarios\/wp-json\/wp\/v2\/pages\/10"}],"collection":[{"href":"https:\/\/equacaologica.com\/questionarios\/wp-json\/wp\/v2\/pages"}],"about":[{"href":"https:\/\/equacaologica.com\/questionarios\/wp-json\/wp\/v2\/types\/page"}],"author":[{"embeddable":true,"href":"https:\/\/equacaologica.com\/questionarios\/wp-json\/wp\/v2\/users\/1"}],"replies":[{"embeddable":true,"href":"https:\/\/equacaologica.com\/questionarios\/wp-json\/wp\/v2\/comments?post=10"}],"version-history":[{"count":7,"href":"https:\/\/equacaologica.com\/questionarios\/wp-json\/wp\/v2\/pages\/10\/revisions"}],"predecessor-version":[{"id":48,"href":"https:\/\/equacaologica.com\/questionarios\/wp-json\/wp\/v2\/pages\/10\/revisions\/48"}],"wp:attachment":[{"href":"https:\/\/equacaologica.com\/questionarios\/wp-json\/wp\/v2\/media?parent=10"}],"curies":[{"name":"wp","href":"https:\/\/api.w.org\/{rel}","templated":true}]}}