{"id":12,"date":"2018-06-14T10:41:26","date_gmt":"2018-06-14T10:41:26","guid":{"rendered":"http:\/\/equacaologica.com\/questionarios\/?page_id=12"},"modified":"2018-06-14T14:34:02","modified_gmt":"2018-06-14T14:34:02","slug":"recrutamento-entrevistadores","status":"publish","type":"page","link":"https:\/\/equacaologica.com\/questionarios\/recrutamento-entrevistadores\/","title":{"rendered":"Recrutamento Entrevistadores"},"content":{"rendered":"<p>Para efeitos de uma eventual colabora\u00e7\u00e3o com a Equa\u00e7\u00e3o L\u00f3gica, precisamos de recolher alguns dos seus dados pessoais, como o seu nome, morada e telefone de contacto entre outros. Dando cumprimento \u00e0 legisla\u00e7\u00e3o de prote\u00e7\u00e3o de dados, \u00e9 importante que saiba que os dados que agora nos fornecer n\u00e3o ser\u00e3o utilizados para outro fim que n\u00e3o aquele que referimos e que ser\u00e3o eliminados dos nossos registos a qualquer momento se nos der instru\u00e7\u00f5es nesse sentido e n\u00e3o tivermos de os manter por motivos legais.<\/p>\n<p>Se desejar, pode obter informa\u00e7\u00e3o adicional sobre este assunto <a href=\"https:\/\/www.equacaologica.com\/politica_privacidade\">aqui<\/a>\u00a0ou se preferir podemos dar-lhe mais informa\u00e7\u00e3o a qualquer momento contatando-nos atrav\u00e9s do mail <a href=\"dpd@equacaologica.com\">dpd@equacaologica.com<\/a>\u00a0ou atrav\u00e9s do telefone 211938619<\/p>\n\n<div class=\"wpcf7 no-js\" id=\"wpcf7-f39-o1\" lang=\"pt-PT\" dir=\"ltr\">\n<div class=\"screen-reader-response\"><p role=\"status\" aria-live=\"polite\" aria-atomic=\"true\"><\/p> <ul><\/ul><\/div>\n<form action=\"\/questionarios\/wp-json\/wp\/v2\/pages\/12#wpcf7-f39-o1\" method=\"post\" class=\"wpcf7-form init\" aria-label=\"Contact form\" enctype=\"multipart\/form-data\" novalidate=\"novalidate\" data-status=\"init\">\n<div style=\"display: none;\">\n<input type=\"hidden\" name=\"_wpcf7\" value=\"39\" \/>\n<input type=\"hidden\" name=\"_wpcf7_version\" value=\"5.7.3\" \/>\n<input type=\"hidden\" name=\"_wpcf7_locale\" value=\"pt_PT\" \/>\n<input type=\"hidden\" name=\"_wpcf7_unit_tag\" value=\"wpcf7-f39-o1\" \/>\n<input type=\"hidden\" name=\"_wpcf7_container_post\" value=\"0\" \/>\n<input type=\"hidden\" name=\"_wpcf7_posted_data_hash\" value=\"\" \/>\n<\/div>\n<div id=\"responsive-form\" class=\"clearfix\">\n\t<div class=\"form-row\">\n\t\t<div class=\"column-half\">\n\t\t\t<p>Nome: (obrigat\u00f3rio)<span class=\"wpcf7-form-control-wrap\" data-name=\"your-name\"><input size=\"40\" class=\"wpcf7-form-control wpcf7-text wpcf7-validates-as-required\" aria-required=\"true\" aria-invalid=\"false\" value=\"\" type=\"text\" name=\"your-name\" \/><\/span>\n\t\t\t<\/p>\n\t\t<\/div>\n\t\t<div class=\"column-half\">\n\t\t\t<p>Email: (obrigat\u00f3rio) <span class=\"wpcf7-form-control-wrap\" data-name=\"your-email\"><input size=\"40\" class=\"wpcf7-form-control wpcf7-text wpcf7-email wpcf7-validates-as-required wpcf7-validates-as-email\" aria-required=\"true\" aria-invalid=\"false\" value=\"\" type=\"email\" name=\"your-email\" \/><\/span>\n\t\t\t<\/p>\n\t\t<\/div>\n\t<\/div>\n\t<div class=\"form-row\">\n\t\t<div class=\"column-half\">\n\t\t\t<p>Data de Nascimento: (obrigat\u00f3rio <span class=\"wpcf7-form-control-wrap\" data-name=\"your-data\"><input class=\"wpcf7-form-control wpcf7-date wpcf7-validates-as-required wpcf7-validates-as-date\" aria-required=\"true\" aria-invalid=\"false\" value=\"\" type=\"date\" name=\"your-data\" \/><\/span>\n\t\t\t<\/p>\n\t\t<\/div>\n\t\t<div class=\"column-half\">\n\t\t\t<p>Concelho em que reside: (obrigat\u00f3rio) <span class=\"wpcf7-form-control-wrap\" data-name=\"your-concelho\"><input size=\"40\" class=\"wpcf7-form-control wpcf7-text wpcf7-validates-as-required\" aria-required=\"true\" aria-invalid=\"false\" value=\"\" type=\"text\" name=\"your-concelho\" \/><\/span>\n\t\t\t<\/p>\n\t\t<\/div>\n\t<\/div>\n\t<div class=\"form-row\">\n\t\t<div class=\"column-half\">\n\t\t\t<p>Disponibilidade viagens: (obrigat\u00f3rio) <span class=\"wpcf7-form-control-wrap\" data-name=\"your-viagens\"><select class=\"wpcf7-form-control wpcf7-select wpcf7-validates-as-required\" aria-required=\"true\" aria-invalid=\"false\" name=\"your-viagens\"><option value=\"Sim\">Sim<\/option><option value=\"N\u00e3o\">N\u00e3o<\/option><\/select><\/span>\n\t\t\t<\/p>\n\t\t<\/div>\n\t\t<div class=\"column-half\">\n\t\t\t<p>Carro dispon\u00edvel: (obrigat\u00f3rio) <span class=\"wpcf7-form-control-wrap\" data-name=\"your-carro\"><select class=\"wpcf7-form-control wpcf7-select wpcf7-validates-as-required\" aria-required=\"true\" aria-invalid=\"false\" name=\"your-carro\"><option value=\"Sim\">Sim<\/option><option value=\"N\u00e3o\">N\u00e3o<\/option><\/select><\/span>\n\t\t\t<\/p>\n\t\t<\/div>\n\t<\/div>\n\t<div class=\"form-row\">\n\t\t<div class=\"column-half\">\n\t\t\t<p>Tempo dispon\u00edvel: (obrigat\u00f3rio) <span class=\"wpcf7-form-control-wrap\" data-name=\"your-tempo\"><select class=\"wpcf7-form-control wpcf7-select wpcf7-validates-as-required\" aria-required=\"true\" aria-invalid=\"false\" name=\"your-tempo\"><option value=\"Full-Time\">Full-Time<\/option><option value=\"Part-Time\">Part-Time<\/option><\/select><\/span>\n\t\t\t<\/p>\n\t\t<\/div>\n\t\t<div class=\"column-half\">\n\t\t\t<p>Telem\u00f3vel: (obrigat\u00f3rio) <span class=\"wpcf7-form-control-wrap\" data-name=\"your-telemovel\"><input size=\"40\" class=\"wpcf7-form-control wpcf7-text wpcf7-validates-as-required\" aria-required=\"true\" aria-invalid=\"false\" value=\"\" type=\"text\" name=\"your-telemovel\" \/><\/span>\n\t\t\t<\/p>\n\t\t<\/div>\n\t<\/div>\n\t<div class=\"form-row\">\n\t\t<div class=\"column-half\">\n\t\t\t<p>Recibos: (obrigat\u00f3rio) <span class=\"wpcf7-form-control-wrap\" data-name=\"your-recibos\"><select class=\"wpcf7-form-control wpcf7-select wpcf7-validates-as-required\" aria-required=\"true\" aria-invalid=\"false\" name=\"your-recibos\"><option value=\"Sim\">Sim<\/option><option value=\"N\u00e3o\">N\u00e3o<\/option><\/select><\/span>\n\t\t\t<\/p>\n\t\t<\/div>\n\t\t<div class=\"column-half\">\n\t\t\t<p>Experi\u00eancia como entrevistador: (obrigat\u00f3rio) <span class=\"wpcf7-form-control-wrap\" data-name=\"your-experiencia\"><input size=\"40\" class=\"wpcf7-form-control wpcf7-text wpcf7-validates-as-required\" aria-required=\"true\" aria-invalid=\"false\" value=\"\" type=\"text\" name=\"your-experiencia\" \/><\/span>\n\t\t\t<\/p>\n\t\t<\/div>\n\t<\/div>\n\t<div class=\"form-row\">\n\t\t<div class=\"column-half\">\n\t\t\t<p>Faz descontos: (obrigat\u00f3rio) <span class=\"wpcf7-form-control-wrap\" data-name=\"your-descontosopcao\"><select class=\"wpcf7-form-control wpcf7-select wpcf7-validates-as-required\" aria-required=\"true\" aria-invalid=\"false\" name=\"your-descontosopcao\"><option value=\"Sim\">Sim<\/option><option value=\"N\u00e3o\">N\u00e3o<\/option><\/select><\/span>\n\t\t\t<\/p>\n\t\t<\/div>\n\t\t<div class=\"column-half\">\n\t\t\t<p>Submeter CV<br \/>\n<span class=\"wpcf7-form-control-wrap\" data-name=\"file-cv\"><input size=\"40\" class=\"wpcf7-form-control wpcf7-file\" id=\"file-cv\" accept=\"audio\/*,video\/*,image\/*\" aria-invalid=\"false\" type=\"file\" name=\"file-cv\" \/><\/span>\n\t\t\t<\/p>\n\t\t<\/div>\n\t<\/div>\n\t<div class=\"form-row\">\n\t\t<div class=\"column-half\">\n\t\t\t<p>Se sim, quais? <span class=\"wpcf7-form-control-wrap\" data-name=\"your-descontos\"><textarea cols=\"40\" rows=\"10\" class=\"wpcf7-form-control wpcf7-textarea\" aria-invalid=\"false\" name=\"your-descontos\"><\/textarea><\/span>\n\t\t\t<\/p>\n\t\t<\/div>\n\t\t<div class=\"column-half\">\n\t\t<\/div>\n\t<\/div>\n\t<div class=\"form-row\">\n\t\t<div class=\"column-full\">\n\t\t\t<p><span class=\"wpcf7-form-control-wrap\" data-name=\"tratamento-dados\"><span class=\"wpcf7-form-control wpcf7-acceptance\"><span class=\"wpcf7-list-item\"><label><input type=\"checkbox\" name=\"tratamento-dados\" value=\"1\" aria-invalid=\"false\" \/><span class=\"wpcf7-list-item-label\">Autorizo que a Equa\u00e7\u00e3o l\u00f3gica trate os meus dados pessoais com o objectivo de uma eventual colabora\u00e7\u00e3o com a Equa\u00e7\u00e3o L\u00f3gica.<\/span><\/label><\/span><\/span><\/span>\n\t\t\t<\/p>\n\t\t<\/div>\n\t<\/div>\n\t<div class=\"form-row\">\n\t\t<div class=\"column-full\">\n\t\t\t<p><input type=\"hidden\" name=\"_wpcf7_captcha_challenge_captcha-508\" value=\"1660431491\" \/><img class=\"wpcf7-form-control wpcf7-captchac wpcf7-captcha-captcha-508\" width=\"72\" height=\"24\" alt=\"captcha\" src=\"https:\/\/equacaologica.com\/questionarios\/wp-content\/uploads\/wpcf7_captcha\/1660431491.png\" \/><span class=\"wpcf7-form-control-wrap\" data-name=\"captcha-508\"><input size=\"40\" class=\"wpcf7-form-control wpcf7-captchar\" autocomplete=\"off\" aria-invalid=\"false\" value=\"\" type=\"text\" name=\"captcha-508\" \/><\/span><input class=\"wpcf7-form-control has-spinner wpcf7-submit\" type=\"submit\" value=\"Enviar\" \/>\n\t\t\t<\/p>\n\t\t<\/div>\n\t<\/div>\n<\/div><div class=\"wpcf7-response-output\" aria-hidden=\"true\"><\/div>\n<\/form>\n<\/div>\n\n","protected":false},"excerpt":{"rendered":"<p>Para efeitos de uma eventual colabora\u00e7\u00e3o com a Equa\u00e7\u00e3o L\u00f3gica, precisamos de recolher alguns dos seus dados pessoais, como o seu nome, morada e telefone de contacto entre outros. Dando cumprimento \u00e0 legisla\u00e7\u00e3o de prote\u00e7\u00e3o de dados, \u00e9 importante que saiba que os dados que agora nos fornecer n\u00e3o ser\u00e3o utilizados para outro fim que [&hellip;]<\/p>\n","protected":false},"author":1,"featured_media":0,"parent":0,"menu_order":0,"comment_status":"closed","ping_status":"closed","template":"","meta":[],"_links":{"self":[{"href":"https:\/\/equacaologica.com\/questionarios\/wp-json\/wp\/v2\/pages\/12"}],"collection":[{"href":"https:\/\/equacaologica.com\/questionarios\/wp-json\/wp\/v2\/pages"}],"about":[{"href":"https:\/\/equacaologica.com\/questionarios\/wp-json\/wp\/v2\/types\/page"}],"author":[{"embeddable":true,"href":"https:\/\/equacaologica.com\/questionarios\/wp-json\/wp\/v2\/users\/1"}],"replies":[{"embeddable":true,"href":"https:\/\/equacaologica.com\/questionarios\/wp-json\/wp\/v2\/comments?post=12"}],"version-history":[{"count":4,"href":"https:\/\/equacaologica.com\/questionarios\/wp-json\/wp\/v2\/pages\/12\/revisions"}],"predecessor-version":[{"id":40,"href":"https:\/\/equacaologica.com\/questionarios\/wp-json\/wp\/v2\/pages\/12\/revisions\/40"}],"wp:attachment":[{"href":"https:\/\/equacaologica.com\/questionarios\/wp-json\/wp\/v2\/media?parent=12"}],"curies":[{"name":"wp","href":"https:\/\/api.w.org\/{rel}","templated":true}]}}