{"id":7,"date":"2018-06-14T09:47:02","date_gmt":"2018-06-14T09:47:02","guid":{"rendered":"http:\/\/equacaologica.com\/questionarios\/?page_id=7"},"modified":"2018-06-18T13:34:38","modified_gmt":"2018-06-18T13:34:38","slug":"inscricoes-para-qualitativos","status":"publish","type":"page","link":"https:\/\/equacaologica.com\/questionarios\/inscricoes-para-qualitativos\/","title":{"rendered":"Inscri\u00e7\u00f5es para reuni\u00f5es de grupo"},"content":{"rendered":"<p>Para efeitos de uma eventual colabora\u00e7\u00e3o com a Equa\u00e7\u00e3o L\u00f3gica, precisamos de recolher alguns dos seus dados pessoais, como o seu nome, morada e telefone de contacto entre outros. Dando cumprimento \u00e0 legisla\u00e7\u00e3o de prote\u00e7\u00e3o de dados, \u00e9 importante que saiba que os dados que agora nos fornecer n\u00e3o ser\u00e3o utilizados para outro fim que n\u00e3o aquele que referimos e que ser\u00e3o eliminados dos nossos registos a qualquer momento se nos der instru\u00e7\u00f5es nesse sentido e n\u00e3o tivermos de os manter por motivos legais.<\/p>\n<p>Se desejar, pode obter informa\u00e7\u00e3o adicional sobre este assunto <a href=\"https:\/\/www.equacaologica.com\/politica_privacidade\">aqui<\/a>\u00a0ou se preferir podemos dar-lhe mais informa\u00e7\u00e3o a qualquer momento contatando-nos atrav\u00e9s do mail <a href=\"dpd@equacaologica.com\">dpd@equacaologica.com<\/a>\u00a0ou atrav\u00e9s do telefone 211938619<\/p>\n\n<div class=\"wpcf7 no-js\" id=\"wpcf7-f37-o1\" lang=\"pt-PT\" dir=\"ltr\">\n<div class=\"screen-reader-response\"><p role=\"status\" aria-live=\"polite\" aria-atomic=\"true\"><\/p> <ul><\/ul><\/div>\n<form action=\"\/questionarios\/wp-json\/wp\/v2\/pages\/7#wpcf7-f37-o1\" method=\"post\" class=\"wpcf7-form init\" aria-label=\"Contact form\" novalidate=\"novalidate\" data-status=\"init\">\n<div style=\"display: none;\">\n<input type=\"hidden\" name=\"_wpcf7\" value=\"37\" \/>\n<input type=\"hidden\" name=\"_wpcf7_version\" value=\"5.7.3\" \/>\n<input type=\"hidden\" name=\"_wpcf7_locale\" value=\"pt_PT\" \/>\n<input type=\"hidden\" name=\"_wpcf7_unit_tag\" value=\"wpcf7-f37-o1\" \/>\n<input type=\"hidden\" name=\"_wpcf7_container_post\" value=\"0\" \/>\n<input type=\"hidden\" name=\"_wpcf7_posted_data_hash\" value=\"\" \/>\n<\/div>\n<div id=\"responsive-form\" class=\"clearfix\">\n\t<div class=\"form-row\">\n\t\t<div class=\"column-half\">\n\t\t\t<p>Nome: (obrigat\u00f3rio) <span class=\"wpcf7-form-control-wrap\" data-name=\"your-name\"><input size=\"40\" class=\"wpcf7-form-control wpcf7-text wpcf7-validates-as-required\" aria-required=\"true\" aria-invalid=\"false\" value=\"\" type=\"text\" name=\"your-name\" \/><\/span>\n\t\t\t<\/p>\n\t\t<\/div>\n\t\t<div class=\"column-half\">\n\t\t\t<p>Data de Nascimento: (dd\/mm\/aaaa - obrigat\u00f3rio)<span class=\"wpcf7-form-control-wrap\" data-name=\"date-746\"><input class=\"wpcf7-form-control wpcf7-date wpcf7-validates-as-required wpcf7-validates-as-date\" aria-required=\"true\" aria-invalid=\"false\" value=\"dd\/mm\/aaaa\" type=\"date\" name=\"date-746\" \/><\/span>\n\t\t\t<\/p>\n\t\t<\/div>\n\t<\/div>\n\t<div class=\"form-row\">\n\t\t<div class=\"column-half\">\n\t\t\t<p>Sexo: (obrigat\u00f3rio) <span class=\"wpcf7-form-control-wrap\" data-name=\"your-sexo\"><select class=\"wpcf7-form-control wpcf7-select wpcf7-validates-as-required\" aria-required=\"true\" aria-invalid=\"false\" name=\"your-sexo\"><option value=\"Masculino\">Masculino<\/option><option value=\"Feminino\">Feminino<\/option><\/select><\/span>\n\t\t\t<\/p>\n\t\t<\/div>\n\t\t<div class=\"column-half\">\n\t\t\t<p>Telem\u00f3vel: (obrigat\u00f3rio) <span class=\"wpcf7-form-control-wrap\" data-name=\"your-telemovel\"><input size=\"40\" class=\"wpcf7-form-control wpcf7-text wpcf7-validates-as-required\" aria-required=\"true\" aria-invalid=\"false\" value=\"\" type=\"text\" name=\"your-telemovel\" \/><\/span>\n\t\t\t<\/p>\n\t\t<\/div>\n\t<\/div>\n\t<div class=\"form-row\">\n\t\t<div class=\"column-third\">\n\t\t\t<p>Email: (obrigat\u00f3rio) <span class=\"wpcf7-form-control-wrap\" data-name=\"your-email\"><input size=\"40\" class=\"wpcf7-form-control wpcf7-text wpcf7-email wpcf7-validates-as-required wpcf7-validates-as-email\" aria-required=\"true\" aria-invalid=\"false\" value=\"\" type=\"email\" name=\"your-email\" \/><\/span>\n\t\t\t<\/p>\n\t\t<\/div>\n\t\t<div class=\"column-third\">\n\t\t\t<p>Concelho em que reside: (obrigat\u00f3rio) <span class=\"wpcf7-form-control-wrap\" data-name=\"your-concelho\"><input size=\"40\" class=\"wpcf7-form-control wpcf7-text wpcf7-validates-as-required\" aria-required=\"true\" aria-invalid=\"false\" value=\"\" type=\"text\" name=\"your-concelho\" \/><\/span>\n\t\t\t<\/p>\n\t\t<\/div>\n\t\t<div class=\"column-third\">\n\t\t\t<p>C\u00f3digo Postal: (obrigat\u00f3rio) <span class=\"wpcf7-form-control-wrap\" data-name=\"your-codigo-postal\"><input size=\"40\" class=\"wpcf7-form-control wpcf7-text wpcf7-validates-as-required\" aria-required=\"true\" aria-invalid=\"false\" value=\"\" type=\"text\" name=\"your-codigo-postal\" \/><\/span>\n\t\t\t<\/p>\n\t\t<\/div>\n\t<\/div>\n\t<div class=\"form-row\">\n\t\t<div class=\"column-half\">\n\t\t\t<p>Ocupa\u00e7\u00e3o profissional: (obrigat\u00f3rio) <span class=\"wpcf7-form-control-wrap\" data-name=\"your-ocupacao\"><input size=\"40\" class=\"wpcf7-form-control wpcf7-text wpcf7-validates-as-required\" aria-required=\"true\" aria-invalid=\"false\" value=\"\" type=\"text\" name=\"your-ocupacao\" \/><\/span>\n\t\t\t<\/p>\n\t\t<\/div>\n\t\t<div class=\"column-half\">\n\t\t\t<p>Nivel de instru\u00e7\u00e3o: (obrigat\u00f3rio) <span class=\"wpcf7-form-control-wrap\" data-name=\"instrucao\"><select class=\"wpcf7-form-control wpcf7-select wpcf7-validates-as-required\" aria-required=\"true\" aria-invalid=\"false\" name=\"instrucao\"><option value=\"Analfabeto\">Analfabeto<\/option><option value=\"Instru\u00e7\u00e3o prim\u00e1ria incompleta\">Instru\u00e7\u00e3o prim\u00e1ria incompleta<\/option><option value=\"Instru\u00e7\u00e3o prim\u00e1ria completa\">Instru\u00e7\u00e3o prim\u00e1ria completa<\/option><option value=\"2\u00ba ano (6\u00ba actual)\">2\u00ba ano (6\u00ba actual)<\/option><option value=\"5\u00ba ano (9\u00ba actual)\">5\u00ba ano (9\u00ba actual)<\/option><option value=\"7\u00ba ano (12\u00ba actual)\">7\u00ba ano (12\u00ba actual)<\/option><option value=\"Curso m\u00e9dio\/Polit\u00e9cnico\">Curso m\u00e9dio\/Polit\u00e9cnico<\/option><option value=\"Universit\u00e1rio\">Universit\u00e1rio<\/option><\/select><\/span>\n\t\t\t<\/p>\n\t\t<\/div>\n\t<\/div>\n\t<div class=\"form-row\">\n\t\t<div class=\"column-half\">\n\t\t\t<p>Tem filhos a viver consigo?: (obrigat\u00f3rio) <span class=\"wpcf7-form-control-wrap\" data-name=\"your-filhos\"><select class=\"wpcf7-form-control wpcf7-select wpcf7-validates-as-required\" aria-required=\"true\" aria-invalid=\"false\" name=\"your-filhos\"><option value=\"Sim\">Sim<\/option><option value=\"N\u00e3o\">N\u00e3o<\/option><\/select><\/span><br \/>\nSe sim, indique aqui as datas de nascimento de cada um: <span class=\"wpcf7-form-control-wrap\" data-name=\"your-datas\"><textarea cols=\"40\" rows=\"10\" class=\"wpcf7-form-control wpcf7-textarea\" aria-invalid=\"false\" name=\"your-datas\"><\/textarea><\/span>\n\t\t\t<\/p>\n\t\t<\/div>\n\t<\/div>\n\t<div class=\"form-row\">\n\t\t<div class=\"column-half\">\n\t\t\t<p>Estado Civil: (obrigat\u00f3rio) <span class=\"wpcf7-form-control-wrap\" data-name=\"your-estadocivil\"><select class=\"wpcf7-form-control wpcf7-select wpcf7-validates-as-required\" aria-required=\"true\" aria-invalid=\"false\" name=\"your-estadocivil\"><option value=\"Casado ou vive maritalmente\">Casado ou vive maritalmente<\/option><option value=\"Solteiro e vive sozinho\">Solteiro e vive sozinho<\/option><option value=\"Solteiro e vive na casa dos pais\">Solteiro e vive na casa dos pais<\/option><option value=\"Viuvo\">Viuvo<\/option><option value=\"Outro\">Outro<\/option><\/select><\/span><br \/>\nSe outro, qual? <span class=\"wpcf7-form-control-wrap\" data-name=\"your-estadocivil2\"><textarea cols=\"40\" rows=\"10\" class=\"wpcf7-form-control wpcf7-textarea\" aria-invalid=\"false\" name=\"your-estadocivil2\"><\/textarea><\/span>\n\t\t\t<\/p>\n\t\t<\/div>\n\t<\/div>\n\t<div class=\"form-row\">\n\t\t<div class=\"column-full\">\n\t\t\t<p><span class=\"wpcf7-form-control-wrap\" data-name=\"tratamento-dados\"><span class=\"wpcf7-form-control wpcf7-acceptance\"><span class=\"wpcf7-list-item\"><label><input type=\"checkbox\" name=\"tratamento-dados\" value=\"1\" aria-invalid=\"false\" \/><span class=\"wpcf7-list-item-label\">Autorizo que a Equa\u00e7\u00e3o L\u00f3gica trate os meus dados pessoais com o objetivo de uma eventual participa\u00e7\u00e3o em question\u00e1rios online, entrevistas ou reuni\u00f5es de grupo da Equa\u00e7\u00e3o L\u00f3gica. (Todos os dados ser\u00e3o tratados sob total confidencialidade e seguran\u00e7a ao abrigo do RGPD)<\/span><\/label><\/span><\/span><\/span>\n\t\t\t<\/p>\n\t\t<\/div>\n\t<\/div>\n\t<div class=\"form-row\">\n\t\t<div class=\"column-full\">\n\t\t\t<p><input type=\"hidden\" name=\"_wpcf7_captcha_challenge_captcha-229\" value=\"3543807567\" \/><img class=\"wpcf7-form-control wpcf7-captchac wpcf7-captcha-captcha-229\" width=\"72\" height=\"24\" alt=\"captcha\" src=\"https:\/\/equacaologica.com\/questionarios\/wp-content\/uploads\/wpcf7_captcha\/3543807567.png\" \/><span class=\"wpcf7-form-control-wrap\" data-name=\"captcha-229\"><input size=\"40\" class=\"wpcf7-form-control wpcf7-captchar\" autocomplete=\"off\" aria-invalid=\"false\" value=\"\" type=\"text\" name=\"captcha-229\" \/><\/span><input class=\"wpcf7-form-control has-spinner wpcf7-submit\" type=\"submit\" value=\"Enviar\" \/>\n\t\t\t<\/p>\n\t\t<\/div>\n\t<\/div>\n<\/div><!--end responsive-form--><div class=\"wpcf7-response-output\" aria-hidden=\"true\"><\/div>\n<\/form>\n<\/div>\n\n","protected":false},"excerpt":{"rendered":"<p>Para efeitos de uma eventual colabora\u00e7\u00e3o com a Equa\u00e7\u00e3o L\u00f3gica, precisamos de recolher alguns dos seus dados pessoais, como o seu nome, morada e telefone de contacto entre outros. Dando cumprimento \u00e0 legisla\u00e7\u00e3o de prote\u00e7\u00e3o de dados, \u00e9 importante que saiba que os dados que agora nos fornecer n\u00e3o ser\u00e3o utilizados para outro fim que [&hellip;]<\/p>\n","protected":false},"author":1,"featured_media":0,"parent":0,"menu_order":0,"comment_status":"closed","ping_status":"closed","template":"","meta":[],"_links":{"self":[{"href":"https:\/\/equacaologica.com\/questionarios\/wp-json\/wp\/v2\/pages\/7"}],"collection":[{"href":"https:\/\/equacaologica.com\/questionarios\/wp-json\/wp\/v2\/pages"}],"about":[{"href":"https:\/\/equacaologica.com\/questionarios\/wp-json\/wp\/v2\/types\/page"}],"author":[{"embeddable":true,"href":"https:\/\/equacaologica.com\/questionarios\/wp-json\/wp\/v2\/users\/1"}],"replies":[{"embeddable":true,"href":"https:\/\/equacaologica.com\/questionarios\/wp-json\/wp\/v2\/comments?post=7"}],"version-history":[{"count":6,"href":"https:\/\/equacaologica.com\/questionarios\/wp-json\/wp\/v2\/pages\/7\/revisions"}],"predecessor-version":[{"id":53,"href":"https:\/\/equacaologica.com\/questionarios\/wp-json\/wp\/v2\/pages\/7\/revisions\/53"}],"wp:attachment":[{"href":"https:\/\/equacaologica.com\/questionarios\/wp-json\/wp\/v2\/media?parent=7"}],"curies":[{"name":"wp","href":"https:\/\/api.w.org\/{rel}","templated":true}]}}